
{"id":12259,"date":"2020-10-30T12:13:29","date_gmt":"2020-10-30T11:13:29","guid":{"rendered":"https:\/\/big-light.lu\/privacy-policy\/"},"modified":"2024-07-31T10:22:39","modified_gmt":"2024-07-31T08:22:39","slug":"privacy-policy","status":"publish","type":"page","link":"https:\/\/big-light.lu\/en\/privacy-policy\/","title":{"rendered":"Privacy policy"},"content":{"rendered":"\t\t<div data-elementor-type=\"wp-page\" data-elementor-id=\"12259\" class=\"elementor elementor-12259 elementor-3\" data-elementor-post-type=\"page\">\n\t\t\t\t\t\t<section class=\"elementor-section elementor-top-section elementor-element elementor-element-0a67eea elementor-section-stretched elementor-section-boxed elementor-section-height-default elementor-section-height-default\" data-id=\"0a67eea\" data-element_type=\"section\" data-settings=\"{&quot;stretch_section&quot;:&quot;section-stretched&quot;,&quot;background_background&quot;:&quot;classic&quot;}\">\n\t\t\t\t\t\t<div class=\"elementor-container elementor-column-gap-default\">\n\t\t\t\t\t<div class=\"elementor-column elementor-col-100 elementor-top-column elementor-element elementor-element-79ae884\" data-id=\"79ae884\" data-element_type=\"column\">\n\t\t\t<div class=\"elementor-widget-wrap elementor-element-populated\">\n\t\t\t\t\t\t<div class=\"elementor-element elementor-element-86f2a75 elementor-widget elementor-widget-heading\" data-id=\"86f2a75\" data-element_type=\"widget\" data-widget_type=\"heading.default\">\n\t\t\t\t<div class=\"elementor-widget-container\">\n\t\t\t<h2 class=\"elementor-heading-title elementor-size-default\">Privacy policy - Biglight<\/h2>\t\t<\/div>\n\t\t\t\t<\/div>\n\t\t\t\t<div class=\"elementor-element elementor-element-ec31eae elementor-widget elementor-widget-text-editor\" data-id=\"ec31eae\" data-element_type=\"widget\" data-widget_type=\"text-editor.default\">\n\t\t\t\t<div class=\"elementor-widget-container\">\n\t\t\t\t\t\t\t<p><span data-contrast=\"auto\">This privacy policy applies to the website<\/span> <span style=\"color: #d3b574;\"><a style=\"color: #d3b574;\" href=\"https:\/\/www.big-light.lu\/\">https:\/\/www.big-light.lu\/<\/a><\/span><span data-contrast=\"auto\"> and<\/span> <span data-contrast=\"auto\">aims<\/span><span data-contrast=\"auto\"> to provide you <\/span><span data-contrast=\"auto\">with transparent information on how we use your personal data<\/span><span data-contrast=\"auto\">.<\/span> <span data-ccp-props=\"{\"> <\/span><\/p>\n<p><b><span data-contrast=\"auto\">Who<\/span><\/b> <b><span data-contrast=\"auto\">is<\/span><\/b> <b><span data-contrast=\"auto\">responsible<\/span><\/b> <b><span data-contrast=\"auto\">for processing<\/span><\/b><b><span data-contrast=\"auto\"> my data? Which services are concerned? <\/span><\/b><span data-ccp-props=\"{\"> <\/span><\/p>\n<p><span data-contrast=\"auto\">The<\/span><span data-contrast=\"auto\"> company<\/span> <span data-contrast=\"none\">INB LUX S.\u00e0r.l.<\/span><span data-contrast=\"auto\"> <\/span><span data-contrast=\"auto\">headquartered<\/span> <span data-contrast=\"auto\">at<\/span> <span data-contrast=\"none\">74, Route de Longwy L-8080 Bertrange<\/span><span data-contrast=\"auto\">, <\/span><span data-contrast=\"auto\">operates the website for information on the services offered, which can be accessed<\/span> <span data-contrast=\"auto\">at <a style=\"color: #d3b574;\" href=\"https:\/\/www.ecomlux.lu\/\"><span style=\"color: #d3b574;\">https:\/\/www.ecomlux.lu\/<\/span><\/a><\/span><span data-contrast=\"none\">.<\/span> <span data-contrast=\"auto\">BigLight<\/span> <span data-contrast=\"auto\">is<\/span> <span data-contrast=\"auto\">responsible<\/span> <span data-contrast=\"auto\">for<\/span> <span data-contrast=\"auto\">processing<\/span> <span data-contrast=\"auto\">your data.<\/span><\/p>\n<p><span data-contrast=\"auto\">Your privacy is important to BigLight.<\/span><\/p>\n<p><span data-contrast=\"auto\">This privacy policy informs you about <\/span><span data-contrast=\"auto\"> <\/span><span data-contrast=\"auto\">the services concerned by <\/span><span data-contrast=\"auto\">collection of your personal <\/span><span data-contrast=\"auto\">your personal data. <\/span> <span data-ccp-props=\"{\"> <\/span><span data-ccp-props=\"{\"> <\/span><\/p>\n<p><b><span data-contrast=\"auto\">How do we collect your data? Which data are concerned? <\/span><\/b><span data-ccp-props=\"{\"> <\/span><\/p>\n<ol>\n<li><strong>A. Data collected from the contact form <\/strong><\/li>\n<\/ol>\n<table style=\"height: 445px;\" width=\"870\" data-tablestyle=\"MsoTableGrid\" data-tablelook=\"1184\">\n<tbody>\n<tr>\n<td data-celllook=\"0\"><b><span data-contrast=\"auto\">Data category<\/span><\/b><span data-ccp-props=\"{\"> <\/span><\/td>\n<td data-celllook=\"0\"><b><span data-contrast=\"auto\">Data details<\/span><\/b><span data-ccp-props=\"{\"> <\/span><\/td>\n<\/tr>\n<tr>\n<td data-celllook=\"0\"><span data-contrast=\"auto\">D<\/span><span data-contrast=\"auto\">onn\u00e9es<\/span><span data-contrast=\"auto\"> <\/span><span data-contrast=\"auto\">personal data:<\/span><span data-contrast=\"auto\"> <\/span><span data-contrast=\"auto\">Identity, identification data. <\/span><span data-ccp-props=\"{\"> <\/span><\/td>\n<td data-celllook=\"0\"><span data-contrast=\"auto\">Name, first name, address<\/span><span data-contrast=\"auto\"> geographical address<\/span><span data-contrast=\"auto\">address <\/span><span data-contrast=\"auto\">e-mail address<\/span><span data-contrast=\"auto\">.<\/span><span data-ccp-props=\"{\"> <\/span><\/td>\n<\/tr>\n<tr>\n<td data-celllook=\"0\">\n<p><span data-contrast=\"auto\">Data <\/span><span data-contrast=\"auto\">personal data :<\/span><span data-ccp-props=\"{\"> <\/span><\/p>\n<p><span data-contrast=\"auto\">Economic information.<\/span><span data-ccp-props=\"{\"> <\/span><\/p>\n<\/td>\n<td data-celllook=\"0\"><span data-contrast=\"auto\">Bank details.<\/span><span data-ccp-props=\"{\"> <\/span><\/td>\n<\/tr>\n<tr>\n<td data-celllook=\"0\">\n<p><span data-contrast=\"auto\">Personal data :<\/span><span data-ccp-props=\"{\"> <\/span><\/p>\n<p><span data-contrast=\"auto\">Connection data.<\/span><span data-ccp-props=\"{\"> <\/span><\/p>\n<\/td>\n<td data-celllook=\"0\"><span data-contrast=\"auto\">IP address<\/span><span data-ccp-props=\"{\"> <\/span><\/td>\n<\/tr>\n<tr>\n<td data-celllook=\"0\">\n<p><span data-contrast=\"auto\">Personal data :<\/span><span data-ccp-props=\"{\"> <\/span><\/p>\n<p><span data-contrast=\"auto\">Location data.  <\/span><span data-ccp-props=\"{\"> <\/span><\/p>\n<\/td>\n<td data-celllook=\"0\"><span data-contrast=\"auto\">Cell phone number  <\/span><span data-ccp-props=\"{\"> <\/span><\/td>\n<\/tr>\n<tr>\n<td data-celllook=\"0\"> <\/td>\n<td data-celllook=\"0\"> <\/td>\n<\/tr>\n<\/tbody>\n<\/table>\n<p><span data-ccp-props=\"{\"> <\/span><\/p>\n<ol>\n<li><b><span data-contrast=\"auto\">  Data collected when you browse the site <span style=\"color: #d3b574;\"><a style=\"color: #d3b574;\" href=\"https:\/\/www.big-light.lu\/\">https:\/\/www.big-light.lu\/<\/a><\/span><\/span><\/b><\/li>\n<\/ol>\n<p><span data-contrast=\"auto\">We collect data of a technical nature when using our services which may include:<\/span><span data-ccp-props=\"{\"> <\/span><\/p>\n<ul>\n<li data-leveltext=\"\uf0b7\" data-font=\"Symbol\" data-listid=\"2\" aria-setsize=\"-1\" data-aria-posinset=\"1\" data-aria-level=\"1\"><span data-contrast=\"auto\">your application or terminal identifiers (cookies),<\/span><span data-ccp-props=\"{\"> <\/span><\/li>\n<li data-leveltext=\"\uf0b7\" data-font=\"Symbol\" data-listid=\"2\" aria-setsize=\"-1\" data-aria-posinset=\"2\" data-aria-level=\"1\"><span data-contrast=\"auto\">information about your source URLs,<\/span><span data-ccp-props=\"{\"> <\/span><\/li>\n<\/ul>\n<ul>\n<li data-leveltext=\"\uf0b7\" data-font=\"Symbol\" data-listid=\"2\" aria-setsize=\"-1\" data-aria-posinset=\"1\" data-aria-level=\"1\"><span data-contrast=\"auto\">your IP address,<\/span><span data-ccp-props=\"{\"> <\/span><\/li>\n<li data-leveltext=\"\uf0b7\" data-font=\"Symbol\" data-listid=\"2\" aria-setsize=\"-1\" data-aria-posinset=\"2\" data-aria-level=\"1\"><span data-contrast=\"auto\">the characteristics of the devices you use to access our services (device model, operating system type, browser type and version, language of use),<\/span><span data-ccp-props=\"{\"> <\/span><\/li>\n<li data-leveltext=\"\uf0b7\" data-font=\"Symbol\" data-listid=\"2\" aria-setsize=\"-1\" data-aria-posinset=\"3\" data-aria-level=\"1\"><span data-contrast=\"auto\">the type of network connection you are using (Wi-Fi, 4G, Bluetooth, etc.),<\/span><span data-ccp-props=\"{\"> <\/span><\/li>\n<\/ul>\n<p><span data-ccp-props=\"{\"> <\/span><\/p>\n<p><b><span data-contrast=\"auto\">How long do you keep my data?<\/span><\/b><span data-ccp-props=\"{\"> <\/span><\/p>\n<p><span data-contrast=\"auto\">In the table below, we have defined the different retention periods for your data:<\/span><span data-ccp-props=\"{\"> <\/span><\/p>\n<table data-tablestyle=\"MsoTableGrid\" data-tablelook=\"1184\">\n<tbody>\n<tr>\n<td data-celllook=\"0\"><b><span data-contrast=\"auto\">Data concerned<\/span><\/b><span data-ccp-props=\"{\"> <\/span><\/td>\n<td data-celllook=\"0\"><b><span data-contrast=\"auto\">Shelf life<\/span><\/b><span data-ccp-props=\"{\"> <\/span><\/td>\n<\/tr>\n<tr>\n<td data-celllook=\"0\">\n<p><span data-ccp-props=\"{\"> <\/span><\/p>\n<p><span data-contrast=\"auto\">Data required for order management and invoicing<\/span><span data-ccp-props=\"{\"> <\/span><\/p>\n<\/td>\n<td data-celllook=\"0\">\n<p><span data-ccp-props=\"{\"> <\/span><\/p>\n<p><span data-contrast=\"auto\">For the duration of the commercial relationship and ten (10) years for accounting purposes.<\/span><span data-ccp-props=\"{\"> <\/span><\/p>\n<p><span data-ccp-props=\"{\"> <\/span><\/p>\n<\/td>\n<\/tr>\n<tr>\n<td data-celllook=\"0\">\n<p><span data-ccp-props=\"{\"> <\/span><\/p>\n<p><span data-contrast=\"auto\">Payment data  <\/span><span data-ccp-props=\"{\"> <\/span><\/p>\n<\/td>\n<td data-celllook=\"0\">\n<p><span data-ccp-props=\"{\"> <\/span><\/p>\n<p><span data-contrast=\"auto\">C<\/span><span data-contrast=\"auto\">his data is not kept by the<\/span><span data-contrast=\"auto\">Biglight<\/span><span data-contrast=\"auto\"> Biglight,<\/span> <span data-contrast=\"auto\">they are collected during the <\/span><span data-contrast=\"auto\">and are immediately deleted once the purchase has been settled.<\/span><span data-ccp-props=\"{\"> <\/span><\/p>\n<p><span data-ccp-props=\"{\"> <\/span><\/p>\n<\/td>\n<\/tr>\n<tr>\n<td data-celllook=\"0\">\n<p><span data-ccp-props=\"{\"> <\/span><\/p>\n<p><span data-contrast=\"auto\">Personal data  <\/span><span data-ccp-props=\"{\"> <\/span><\/p>\n<p><span data-ccp-props=\"{\"> <\/span><\/p>\n<p><span data-ccp-props=\"{\"> <\/span><\/p>\n<\/td>\n<td data-celllook=\"0\">\n<p><span data-ccp-props=\"{\"> <\/span><\/p>\n<p><span data-contrast=\"auto\">This data is only deleted after 3 years.  <\/span><span data-ccp-props=\"{\"> <\/span><\/p>\n<\/td>\n<\/tr>\n<\/tbody>\n<\/table>\n<p><span data-ccp-props=\"{\"> <\/span><\/p>\n<p><b><span data-contrast=\"auto\">What are my rights with regard to my data?<\/span><\/b><span data-ccp-props=\"{\"> <\/span><\/p>\n<p><span data-contrast=\"auto\">Co<\/span><span data-contrast=\"auto\">n accordance <\/span><span data-contrast=\"auto\">to<\/span><span data-contrast=\"auto\"> R<\/span><span data-contrast=\"auto\">\u00e8glement g\u00e9n\u00e9ral relati<\/span><span data-contrast=\"auto\">f<\/span><span data-contrast=\"auto\"> to the protection of personal data (RGPD)<\/span><span data-contrast=\"auto\">you have the following rights:<\/span><span data-ccp-props=\"{\"> <\/span><\/p>\n<ul>\n<li data-leveltext=\"\uf0b7\" data-font=\"Symbol\" data-listid=\"3\" aria-setsize=\"-1\" data-aria-posinset=\"1\" data-aria-level=\"1\"><span data-contrast=\"auto\">right of access (<\/span><span style=\"color: #d3b574;\"><a style=\"color: #d3b574;\" href=\"https:\/\/www.cnil.fr\/fr\/reglement-europeen-protection-donnees\/chapitre3#Article15\">article 15 RGPD<\/a><\/span><span data-contrast=\"auto\">), rectification (<\/span><span style=\"color: #d3b574;\"><a style=\"color: #d3b574;\" href=\"https:\/\/www.cnil.fr\/fr\/reglement-europeen-protection-donnees\/chapitre3#Article16\">article 16 RGPD<\/a><\/span><span data-contrast=\"auto\">), of update, of completeness of your data<\/span><span data-ccp-props=\"{\"> <\/span><\/li>\n<li data-leveltext=\"\uf0b7\" data-font=\"Symbol\" data-listid=\"3\" aria-setsize=\"-1\" data-aria-posinset=\"2\" data-aria-level=\"1\"><span data-contrast=\"auto\">right to block or erase your personal data (<\/span><span style=\"color: #d3b574;\"><a style=\"color: #d3b574;\" href=\"https:\/\/www.cnil.fr\/fr\/reglement-europeen-protection-donnees\/chapitre3#Article17\">article 17 RGPD<\/a><\/span><span data-contrast=\"auto\">), when they are inaccurate, incomplete, equivocal, out of date, or whose collection, use, communication or storage is prohibited<\/span><span data-ccp-props=\"{\"> <\/span><\/li>\n<\/ul>\n<ul>\n<li data-leveltext=\"\uf0b7\" data-font=\"Symbol\" data-listid=\"3\" aria-setsize=\"-1\" data-aria-posinset=\"1\" data-aria-level=\"1\"><span data-contrast=\"auto\">right to limit the processing of your data (<\/span><span style=\"color: #d3b574;\"><a style=\"color: #d3b574;\" href=\"https:\/\/www.cnil.fr\/fr\/reglement-europeen-protection-donnees\/chapitre3#Article18\">article 18 RGPD<\/a><\/span><span data-contrast=\"auto\">)<\/span><span data-ccp-props=\"{\"> <\/span><\/li>\n<li data-leveltext=\"\uf0b7\" data-font=\"Symbol\" data-listid=\"3\" aria-setsize=\"-1\" data-aria-posinset=\"2\" data-aria-level=\"1\"><span data-contrast=\"auto\">right to object to the processing of your data (<\/span><span style=\"color: #d3b574;\"><a style=\"color: #d3b574;\" href=\"https:\/\/www.cnil.fr\/fr\/reglement-europeen-protection-donnees\/chapitre3#Article21\">article 21 RGPD<\/a><\/span><span data-contrast=\"auto\">)<\/span><span data-ccp-props=\"{\"> <\/span><\/li>\n<li data-leveltext=\"\uf0b7\" data-font=\"Symbol\" data-listid=\"3\" aria-setsize=\"-1\" data-aria-posinset=\"3\" data-aria-level=\"1\"><span data-contrast=\"auto\">right to portability of the data you have provided to us, where your data is subject to automated processing based on your consent or on a contract (<\/span><span style=\"color: #d3b574;\"><a style=\"color: #d3b574;\" href=\"https:\/\/www.cnil.fr\/fr\/reglement-europeen-protection-donnees\/chapitre3#Article20\">article 20 RGPD<\/a><\/span><span data-contrast=\"auto\">)<\/span><span data-ccp-props=\"{\"> <\/span><\/li>\n<\/ul>\n<p><span data-contrast=\"auto\">These rights may be exercised as described below<\/span><span data-contrast=\"auto\">.<\/span><span data-ccp-props=\"{\"> <\/span><\/p>\n<p><span data-ccp-props=\"{\"> <\/span><\/p>\n<p><b><span data-contrast=\"auto\">Who will receive my data?  <\/span><\/b><span data-ccp-props=\"{\"> <\/span><\/p>\n<p><span data-contrast=\"auto\">The recipients are p<\/span><span data-contrast=\"auto\">erson<\/span><span data-contrast=\"auto\">s<\/span><span data-contrast=\"auto\"> authorized<\/span><span data-contrast=\"auto\">s<\/span><span data-contrast=\"auto\"> authorized to receive<\/span><span data-contrast=\"auto\"> your<\/span><span data-contrast=\"auto\"> your data.<\/span><span data-contrast=\"auto\"> <\/span><span data-ccp-props=\"{\"> <\/span><\/p>\n<p><span data-contrast=\"auto\">As part of our activities, <\/span><span data-contrast=\"auto\">l<\/span><span data-contrast=\"auto\">services<\/span><span data-contrast=\"auto\">,<\/span><span data-contrast=\"auto\"> <\/span><span data-contrast=\"auto\">the<\/span><span data-contrast=\"auto\"> invoicing<\/span><span data-contrast=\"auto\">nvironment<\/span><span data-contrast=\"auto\"> Biglight<\/span><span data-contrast=\"auto\"> <\/span><span data-contrast=\"auto\">are the recipients of all categories of data.<\/span><span data-ccp-props=\"{\"> <\/span><\/p>\n<p><span data-contrast=\"auto\">The<\/span><span data-contrast=\"auto\"> subcontractors<\/span><span data-contrast=\"auto\"> of <\/span><span data-contrast=\"auto\">l<\/span><span data-contrast=\"auto\">s subcontractors<\/span><span data-contrast=\"auto\">The identity, address and telephone number of our customers are communicated to our subcontractors.<\/span><span data-ccp-props=\"{\"> <\/span><\/p>\n<p><span data-ccp-props=\"{\"> <\/span><\/p>\n<p><b><span data-contrast=\"auto\">Can I have more information? Getting help?<\/span><\/b><span data-ccp-props=\"{\"> <\/span><\/p>\n<p><span data-contrast=\"auto\">If you have any questions about the processing of your data by the<\/span><span data-contrast=\"auto\">Biglight<\/span><span data-contrast=\"auto\"> Biglight<\/span><span data-contrast=\"auto\">, v<\/span><span data-contrast=\"auto\">ou can contact the <\/span><span data-contrast=\"auto\">data protection officer <\/span><span data-contrast=\"auto\">in complete confidentiality at this email address <\/span><span style=\"color: #d3b574;\"><a style=\"color: #d3b574;\" href=\"mailto:info@big-light.lu\">info@big-light.lu <\/a><\/span> <\/p>\n<p><span data-contrast=\"auto\">You can also<\/span><span data-contrast=\"auto\"> also<\/span><span data-contrast=\"auto\"> the right to lodge a complaint <\/span><span data-contrast=\"auto\">to the Data Protection Authority <\/span><span data-contrast=\"auto\">under the conditions indicated on its website: <\/span><br \/><span style=\"color: #6852ed;\"><span style=\"color: #d3b574;\"><a style=\"color: #d3b574;\" href=\"https:\/\/cnpd.public.lu\/fr\/dossiers-thematiques\/Reglement-general-sur-la-protection-des-donnees.html\">https:\/\/cnpd.public.lu\/fr\/dossiers-thematiques\/Reglement-general-sur-la-protection-des-donnees.html<\/a><\/span>  <\/span> <\/p>\n<p><span data-ccp-props=\"{\"> <\/span><\/p>\n<p><b><span data-contrast=\"auto\">How can I exercise my rights to my data?<\/span><\/b><span data-ccp-props=\"{\"> <\/span><\/p>\n<p><span data-contrast=\"none\">You can exercise your other rights by email, specifying the right you wish to exercise in the subject line of your email:<\/span><span data-contrast=\"none\"> <\/span><span style=\"color: #d3b574;\"><a style=\"color: #d3b574;\" href=\"mailto:info@big-light.lu\">info@big-light.lu<\/a> <\/span><span data-contrast=\"none\">access, portability, limitation, opposition for reasons relating to your particular situation. Exercising your rights of access and portability requires that the data for which you are exercising your rights be linked to the email address used to make your request. A reply will be sent to you within 1 month of receipt of your request.<\/span><span data-ccp-props=\"{\"> <\/span><\/p>\n\t\t\t\t\t\t<\/div>\n\t\t\t\t<\/div>\n\t\t\t\t\t<\/div>\n\t\t<\/div>\n\t\t\t\t\t<\/div>\n\t\t<\/section>\n\t\t\t\t<\/div>\n\t\t","protected":false},"excerpt":{"rendered":"<p>Privacy policy &#8211; Biglight This privacy policy applies to the website https:\/\/www.big-light.lu\/ and aims to provide you with transparent information on how we use your personal data. Who is responsible for processing my data? Which services are concerned? The company INB LUX S.\u00e0r.l. headquartered at 74, Route de Longwy L-8080 Bertrange, operates the website for [&hellip;]<\/p>\n","protected":false},"author":1,"featured_media":0,"parent":0,"menu_order":0,"comment_status":"closed","ping_status":"open","template":"elementor_header_footer","meta":{"inline_featured_image":false,"footnotes":""},"class_list":["post-12259","page","type-page","status-publish","hentry"],"yoast_head":"<!-- This site is optimized with the Yoast SEO plugin v23.8 - https:\/\/yoast.com\/wordpress\/plugins\/seo\/ -->\n<title>Privacy policy - BigLight<\/title>\n<meta name=\"robots\" content=\"index, follow, max-snippet:-1, max-image-preview:large, max-video-preview:-1\" \/>\n<link rel=\"canonical\" href=\"https:\/\/big-light.lu\/en\/privacy-policy\/\" \/>\n<meta property=\"og:locale\" content=\"en_US\" \/>\n<meta property=\"og:type\" content=\"article\" \/>\n<meta property=\"og:title\" content=\"Privacy policy - BigLight\" \/>\n<meta property=\"og:description\" content=\"Privacy policy &#8211; Biglight This privacy policy applies to the website https:\/\/www.big-light.lu\/ and aims to provide you with transparent information on how we use your personal data. Who is responsible for processing my data? Which services are concerned? The company INB LUX S.\u00e0r.l. headquartered at 74, Route de Longwy L-8080 Bertrange, operates the website for [&hellip;]\" \/>\n<meta property=\"og:url\" content=\"https:\/\/big-light.lu\/en\/privacy-policy\/\" \/>\n<meta property=\"og:site_name\" content=\"BigLight\" \/>\n<meta property=\"article:publisher\" content=\"https:\/\/www.facebook.com\/search\/top?q=Biglight%20Luxembourg\" \/>\n<meta property=\"article:modified_time\" content=\"2024-07-31T08:22:39+00:00\" \/>\n<meta name=\"twitter:card\" content=\"summary_large_image\" \/>\n<meta name=\"twitter:label1\" content=\"Est. reading time\" \/>\n\t<meta name=\"twitter:data1\" content=\"3 minutes\" \/>\n<script type=\"application\/ld+json\" class=\"yoast-schema-graph\">{\"@context\":\"https:\/\/schema.org\",\"@graph\":[{\"@type\":\"WebPage\",\"@id\":\"https:\/\/big-light.lu\/en\/privacy-policy\/\",\"url\":\"https:\/\/big-light.lu\/en\/privacy-policy\/\",\"name\":\"Privacy policy - BigLight\",\"isPartOf\":{\"@id\":\"https:\/\/big-light.lu\/en\/#website\"},\"datePublished\":\"2020-10-30T11:13:29+00:00\",\"dateModified\":\"2024-07-31T08:22:39+00:00\",\"breadcrumb\":{\"@id\":\"https:\/\/big-light.lu\/en\/privacy-policy\/#breadcrumb\"},\"inLanguage\":\"en-US\",\"potentialAction\":[{\"@type\":\"ReadAction\",\"target\":[\"https:\/\/big-light.lu\/en\/privacy-policy\/\"]}]},{\"@type\":\"BreadcrumbList\",\"@id\":\"https:\/\/big-light.lu\/en\/privacy-policy\/#breadcrumb\",\"itemListElement\":[{\"@type\":\"ListItem\",\"position\":1,\"name\":\"Accueil\",\"item\":\"https:\/\/big-light.lu\/en\/\"},{\"@type\":\"ListItem\",\"position\":2,\"name\":\"Privacy policy\"}]},{\"@type\":\"WebSite\",\"@id\":\"https:\/\/big-light.lu\/en\/#website\",\"url\":\"https:\/\/big-light.lu\/en\/\",\"name\":\"BigLight\",\"description\":\"Luminaires &amp; D\u00e9coration\",\"publisher\":{\"@id\":\"https:\/\/big-light.lu\/en\/#organization\"},\"potentialAction\":[{\"@type\":\"SearchAction\",\"target\":{\"@type\":\"EntryPoint\",\"urlTemplate\":\"https:\/\/big-light.lu\/en\/?s={search_term_string}\"},\"query-input\":{\"@type\":\"PropertyValueSpecification\",\"valueRequired\":true,\"valueName\":\"search_term_string\"}}],\"inLanguage\":\"en-US\"},{\"@type\":\"Organization\",\"@id\":\"https:\/\/big-light.lu\/en\/#organization\",\"name\":\"BigLight\",\"url\":\"https:\/\/big-light.lu\/en\/\",\"logo\":{\"@type\":\"ImageObject\",\"inLanguage\":\"en-US\",\"@id\":\"https:\/\/big-light.lu\/en\/#\/schema\/logo\/image\/\",\"url\":\"https:\/\/big-light.lu\/wp-content\/uploads\/2020\/10\/Biglight-logo.png\",\"contentUrl\":\"https:\/\/big-light.lu\/wp-content\/uploads\/2020\/10\/Biglight-logo.png\",\"width\":320,\"height\":84,\"caption\":\"BigLight\"},\"image\":{\"@id\":\"https:\/\/big-light.lu\/en\/#\/schema\/logo\/image\/\"},\"sameAs\":[\"https:\/\/www.facebook.com\/search\/top?q=Biglight Luxembourg\",\"https:\/\/www.instagram.com\/biglightluxembourg\/\"]}]}<\/script>\n<!-- \/ Yoast SEO plugin. -->","yoast_head_json":{"title":"Privacy policy - BigLight","robots":{"index":"index","follow":"follow","max-snippet":"max-snippet:-1","max-image-preview":"max-image-preview:large","max-video-preview":"max-video-preview:-1"},"canonical":"https:\/\/big-light.lu\/en\/privacy-policy\/","og_locale":"en_US","og_type":"article","og_title":"Privacy policy - BigLight","og_description":"Privacy policy &#8211; Biglight This privacy policy applies to the website https:\/\/www.big-light.lu\/ and aims to provide you with transparent information on how we use your personal data. Who is responsible for processing my data? Which services are concerned? The company INB LUX S.\u00e0r.l. headquartered at 74, Route de Longwy L-8080 Bertrange, operates the website for [&hellip;]","og_url":"https:\/\/big-light.lu\/en\/privacy-policy\/","og_site_name":"BigLight","article_publisher":"https:\/\/www.facebook.com\/search\/top?q=Biglight%20Luxembourg","article_modified_time":"2024-07-31T08:22:39+00:00","twitter_card":"summary_large_image","twitter_misc":{"Est. reading time":"3 minutes"},"schema":{"@context":"https:\/\/schema.org","@graph":[{"@type":"WebPage","@id":"https:\/\/big-light.lu\/en\/privacy-policy\/","url":"https:\/\/big-light.lu\/en\/privacy-policy\/","name":"Privacy policy - BigLight","isPartOf":{"@id":"https:\/\/big-light.lu\/en\/#website"},"datePublished":"2020-10-30T11:13:29+00:00","dateModified":"2024-07-31T08:22:39+00:00","breadcrumb":{"@id":"https:\/\/big-light.lu\/en\/privacy-policy\/#breadcrumb"},"inLanguage":"en-US","potentialAction":[{"@type":"ReadAction","target":["https:\/\/big-light.lu\/en\/privacy-policy\/"]}]},{"@type":"BreadcrumbList","@id":"https:\/\/big-light.lu\/en\/privacy-policy\/#breadcrumb","itemListElement":[{"@type":"ListItem","position":1,"name":"Accueil","item":"https:\/\/big-light.lu\/en\/"},{"@type":"ListItem","position":2,"name":"Privacy policy"}]},{"@type":"WebSite","@id":"https:\/\/big-light.lu\/en\/#website","url":"https:\/\/big-light.lu\/en\/","name":"BigLight","description":"Luminaires &amp; D\u00e9coration","publisher":{"@id":"https:\/\/big-light.lu\/en\/#organization"},"potentialAction":[{"@type":"SearchAction","target":{"@type":"EntryPoint","urlTemplate":"https:\/\/big-light.lu\/en\/?s={search_term_string}"},"query-input":{"@type":"PropertyValueSpecification","valueRequired":true,"valueName":"search_term_string"}}],"inLanguage":"en-US"},{"@type":"Organization","@id":"https:\/\/big-light.lu\/en\/#organization","name":"BigLight","url":"https:\/\/big-light.lu\/en\/","logo":{"@type":"ImageObject","inLanguage":"en-US","@id":"https:\/\/big-light.lu\/en\/#\/schema\/logo\/image\/","url":"https:\/\/big-light.lu\/wp-content\/uploads\/2020\/10\/Biglight-logo.png","contentUrl":"https:\/\/big-light.lu\/wp-content\/uploads\/2020\/10\/Biglight-logo.png","width":320,"height":84,"caption":"BigLight"},"image":{"@id":"https:\/\/big-light.lu\/en\/#\/schema\/logo\/image\/"},"sameAs":["https:\/\/www.facebook.com\/search\/top?q=Biglight Luxembourg","https:\/\/www.instagram.com\/biglightluxembourg\/"]}]}},"_links":{"self":[{"href":"https:\/\/big-light.lu\/en\/wp-json\/wp\/v2\/pages\/12259"}],"collection":[{"href":"https:\/\/big-light.lu\/en\/wp-json\/wp\/v2\/pages"}],"about":[{"href":"https:\/\/big-light.lu\/en\/wp-json\/wp\/v2\/types\/page"}],"author":[{"embeddable":true,"href":"https:\/\/big-light.lu\/en\/wp-json\/wp\/v2\/users\/1"}],"replies":[{"embeddable":true,"href":"https:\/\/big-light.lu\/en\/wp-json\/wp\/v2\/comments?post=12259"}],"version-history":[{"count":1,"href":"https:\/\/big-light.lu\/en\/wp-json\/wp\/v2\/pages\/12259\/revisions"}],"predecessor-version":[{"id":12260,"href":"https:\/\/big-light.lu\/en\/wp-json\/wp\/v2\/pages\/12259\/revisions\/12260"}],"wp:attachment":[{"href":"https:\/\/big-light.lu\/en\/wp-json\/wp\/v2\/media?parent=12259"}],"curies":[{"name":"wp","href":"https:\/\/api.w.org\/{rel}","templated":true}]}}